{"id":285,"date":"2018-12-01T23:11:36","date_gmt":"2018-12-01T23:11:36","guid":{"rendered":"https:\/\/www.cosmetologiaas.es\/tienda\/?page_id=285"},"modified":"2018-12-01T23:11:36","modified_gmt":"2018-12-01T23:11:36","slug":"productos-profesionales","status":"publish","type":"page","link":"https:\/\/www.cosmetologiaas.es\/tienda\/productos-profesionales\/","title":{"rendered":"Productos profesionales"},"content":{"rendered":"<p><strong>Productos profesionales<\/strong><\/p>\n<p>Nuestros productos son de alt\u00edsima calidad y est\u00e1n en los salones de grandes profesionales del sector.<\/p>\n<p>Si es usted profesional de peluquer\u00eda estar\u00e1 interesado en conocer nuestras\u00a0ofertas para profesionales. Puede ponerse en contacto con nuestro\u00a0<a href=\"mailto:cosmetologiaas@gmail.com\">departamento comercial<\/a>\u00a0y acceder a nuestras sugerentes condiciones con grandes descuentos desde la primera unidad<\/p>\n<p>Haga su pedido desde nuestra web<\/p>\n<p>Una vez registrado en nuestra web puede pedir su descuento profesional contactando con nuestro departamento comercial en\u00a0cosmetologiaas@gmail.com\u00a0y en el tel\u00e9fono\u00a0<strong>983 359 178<\/strong><\/p>\n","protected":false},"excerpt":{"rendered":"<p>Productos profesionales Nuestros productos son de alt\u00edsima calidad y est\u00e1n en los salones de grandes profesionales del sector. Si es usted profesional de peluquer\u00eda estar\u00e1 interesado en conocer nuestras\u00a0ofertas para profesionales. Puede ponerse en contacto con nuestro\u00a0departamento comercial\u00a0y acceder a nuestras sugerentes condiciones con grandes descuentos desde la primera unidad Haga su pedido desde nuestra [&hellip;]<\/p>\n","protected":false},"author":1,"featured_media":0,"parent":0,"menu_order":0,"comment_status":"closed","ping_status":"closed","template":"","meta":{"footnotes":""},"class_list":["post-285","page","type-page","status-publish","hentry"],"_links":{"self":[{"href":"https:\/\/www.cosmetologiaas.es\/tienda\/wp-json\/wp\/v2\/pages\/285","targetHints":{"allow":["GET"]}}],"collection":[{"href":"https:\/\/www.cosmetologiaas.es\/tienda\/wp-json\/wp\/v2\/pages"}],"about":[{"href":"https:\/\/www.cosmetologiaas.es\/tienda\/wp-json\/wp\/v2\/types\/page"}],"author":[{"embeddable":true,"href":"https:\/\/www.cosmetologiaas.es\/tienda\/wp-json\/wp\/v2\/users\/1"}],"replies":[{"embeddable":true,"href":"https:\/\/www.cosmetologiaas.es\/tienda\/wp-json\/wp\/v2\/comments?post=285"}],"version-history":[{"count":1,"href":"https:\/\/www.cosmetologiaas.es\/tienda\/wp-json\/wp\/v2\/pages\/285\/revisions"}],"predecessor-version":[{"id":286,"href":"https:\/\/www.cosmetologiaas.es\/tienda\/wp-json\/wp\/v2\/pages\/285\/revisions\/286"}],"wp:attachment":[{"href":"https:\/\/www.cosmetologiaas.es\/tienda\/wp-json\/wp\/v2\/media?parent=285"}],"curies":[{"name":"wp","href":"https:\/\/api.w.org\/{rel}","templated":true}]}}