{"id":345,"date":"2018-12-04T14:51:21","date_gmt":"2018-12-04T14:51:21","guid":{"rendered":"https:\/\/www.cosmetologiaas.es\/tienda\/?page_id=345"},"modified":"2018-12-04T15:08:28","modified_gmt":"2018-12-04T15:08:28","slug":"que-ofrecemos","status":"publish","type":"page","link":"https:\/\/www.cosmetologiaas.es\/tienda\/que-ofrecemos\/","title":{"rendered":"Qu\u00e9 ofrecemos"},"content":{"rendered":"<h4><strong>Qu\u00e9 ofrecemos<\/strong><\/h4>\n<p>Le ofrecemos la gama m\u00e1s variada y actual de productos de gran calidad del mundo de la cosm\u00e9tica. En el proceso de fabricaci\u00f3n intervienen laboratorios especializados para garantizar la m\u00e1xima calidad. La satisfacci\u00f3n del cliente final, por tanto, est\u00e1 asegurada.<\/p>\n<p>La salud de la piel es nuestra premisa. As\u00ed, todos nuestros productos est\u00e1n pensados para regenerar, hidratar, proteger y cuidar nuestra piel, de los diversos factores internos y externos a los que est\u00e1 expuesta.<\/p>\n<ul>\n<li>Champ\u00fas de alta calidad.<\/li>\n<li>Lociones para la ca\u00edda.<\/li>\n<li>Lociones para la grasa\/caspa y caspa-grasa.<\/li>\n<li>Reparadores del cabello.<\/li>\n<li>Fijadores, aceites esenciales\u2026<\/li>\n<li>Productos naturales<\/li>\n<\/ul>\n<p>En\u00a0COSMETOLOGIA AS\u00a0se tiene un cuidado especial a la hora de fabricar los productos, teniendo siempre como objetivo su calidad, sobre todo las\u00a0biomiscelas. A diferencia de otros champ\u00fas, las biomiscelas est\u00e1n elaboradas con tensioactivos no irritantes, prote\u00ednas, acondicionadores de col\u00e1geno\u2026<\/p>\n<p>&nbsp;<\/p>\n<p><img loading=\"lazy\" decoding=\"async\" class=\"aligncenter\" src=\"https:\/\/www.cosmetologiaas.es\/tienda\/wp-content\/uploads\/2018\/12\/86-FAMILIA-2-300x156.jpg\" alt=\"\" width=\"402\" height=\"209\" \/><\/p>\n<p>&nbsp;<\/p>\n<p>&nbsp;<\/p>\n","protected":false},"excerpt":{"rendered":"<p>Qu\u00e9 ofrecemos Le ofrecemos la gama m\u00e1s variada y actual de productos de gran calidad del mundo de la cosm\u00e9tica. En el proceso de fabricaci\u00f3n intervienen laboratorios especializados para garantizar la m\u00e1xima calidad. La satisfacci\u00f3n del cliente final, por tanto, est\u00e1 asegurada. La salud de la piel es nuestra premisa. As\u00ed, todos nuestros productos est\u00e1n [&hellip;]<\/p>\n","protected":false},"author":1,"featured_media":0,"parent":0,"menu_order":0,"comment_status":"closed","ping_status":"closed","template":"","meta":{"footnotes":""},"class_list":["post-345","page","type-page","status-publish","hentry"],"_links":{"self":[{"href":"https:\/\/www.cosmetologiaas.es\/tienda\/wp-json\/wp\/v2\/pages\/345","targetHints":{"allow":["GET"]}}],"collection":[{"href":"https:\/\/www.cosmetologiaas.es\/tienda\/wp-json\/wp\/v2\/pages"}],"about":[{"href":"https:\/\/www.cosmetologiaas.es\/tienda\/wp-json\/wp\/v2\/types\/page"}],"author":[{"embeddable":true,"href":"https:\/\/www.cosmetologiaas.es\/tienda\/wp-json\/wp\/v2\/users\/1"}],"replies":[{"embeddable":true,"href":"https:\/\/www.cosmetologiaas.es\/tienda\/wp-json\/wp\/v2\/comments?post=345"}],"version-history":[{"count":17,"href":"https:\/\/www.cosmetologiaas.es\/tienda\/wp-json\/wp\/v2\/pages\/345\/revisions"}],"predecessor-version":[{"id":363,"href":"https:\/\/www.cosmetologiaas.es\/tienda\/wp-json\/wp\/v2\/pages\/345\/revisions\/363"}],"wp:attachment":[{"href":"https:\/\/www.cosmetologiaas.es\/tienda\/wp-json\/wp\/v2\/media?parent=345"}],"curies":[{"name":"wp","href":"https:\/\/api.w.org\/{rel}","templated":true}]}}