{"id":89,"date":"2016-06-29T09:30:29","date_gmt":"2016-06-29T09:30:29","guid":{"rendered":"https:\/\/www.cosmetologiaas.es\/as\/entrega\/"},"modified":"2026-02-26T18:07:38","modified_gmt":"2026-02-26T17:07:38","slug":"entrega","status":"publish","type":"page","link":"https:\/\/www.cosmetologiaas.es\/tienda\/entrega\/","title":{"rendered":"Env\u00edo"},"content":{"rendered":"<h2>Env\u00edos<\/h2>\n<h2>Env\u00edo del paquete<\/h2>\n<p>Como norma general, los paquetes se env\u00edan los mi\u00e9rcoles siguientes a la recepci\u00f3n del pago. Los env\u00edos se realizan en 48 hora a trav\u00e9s de la empresa CORREOS.<\/p>\n<p>Los gastos de env\u00edo incluyen los gastos de manipulaci\u00f3n y empaquetado, as\u00ed como los gastos postales. Los gastos de manipulaci\u00f3n tienen un precio fijo, mientras que los gastos de transporte pueden variar seg\u00fan el peso total del paquete. Te aconsejamos que agrupes todos tus art\u00edculos en un mismo pedido.<\/p>\n","protected":false},"excerpt":{"rendered":"<p>Env\u00edos Env\u00edo del paquete Como norma general, los paquetes se env\u00edan los mi\u00e9rcoles siguientes a la recepci\u00f3n del pago. Los env\u00edos se realizan en 48 hora a trav\u00e9s de la empresa CORREOS. Los gastos de env\u00edo incluyen los gastos de manipulaci\u00f3n y empaquetado, as\u00ed como los gastos postales. Los gastos de manipulaci\u00f3n tienen un precio [&hellip;]<\/p>\n","protected":false},"author":1,"featured_media":0,"parent":0,"menu_order":0,"comment_status":"closed","ping_status":"closed","template":"","meta":{"footnotes":""},"class_list":["post-89","page","type-page","status-publish","hentry"],"_links":{"self":[{"href":"https:\/\/www.cosmetologiaas.es\/tienda\/wp-json\/wp\/v2\/pages\/89","targetHints":{"allow":["GET"]}}],"collection":[{"href":"https:\/\/www.cosmetologiaas.es\/tienda\/wp-json\/wp\/v2\/pages"}],"about":[{"href":"https:\/\/www.cosmetologiaas.es\/tienda\/wp-json\/wp\/v2\/types\/page"}],"author":[{"embeddable":true,"href":"https:\/\/www.cosmetologiaas.es\/tienda\/wp-json\/wp\/v2\/users\/1"}],"replies":[{"embeddable":true,"href":"https:\/\/www.cosmetologiaas.es\/tienda\/wp-json\/wp\/v2\/comments?post=89"}],"version-history":[{"count":3,"href":"https:\/\/www.cosmetologiaas.es\/tienda\/wp-json\/wp\/v2\/pages\/89\/revisions"}],"predecessor-version":[{"id":881,"href":"https:\/\/www.cosmetologiaas.es\/tienda\/wp-json\/wp\/v2\/pages\/89\/revisions\/881"}],"wp:attachment":[{"href":"https:\/\/www.cosmetologiaas.es\/tienda\/wp-json\/wp\/v2\/media?parent=89"}],"curies":[{"name":"wp","href":"https:\/\/api.w.org\/{rel}","templated":true}]}}