{"id":91,"date":"2016-06-29T09:30:29","date_gmt":"2016-06-29T09:30:29","guid":{"rendered":"https:\/\/www.cosmetologiaas.es\/as\/terminos-y-condiciones-de-uso\/"},"modified":"2024-07-11T12:58:46","modified_gmt":"2024-07-11T11:58:46","slug":"terminos-y-condiciones-de-uso","status":"publish","type":"page","link":"https:\/\/www.cosmetologiaas.es\/tienda\/terminos-y-condiciones-de-uso\/","title":{"rendered":"T\u00e9rminos y condiciones"},"content":{"rendered":"<h1 class=\"page-heading\">T\u00e9rminos y condiciones<\/h1>\n<h2>Env\u00edo del paquete<\/h2>\n<p>Como norma general, los paquetes se env\u00edan los martes y mi\u00e9rcoles siguientes a la recepci\u00f3n del pago. El tiempo de reparto en pen\u00ednsula ser\u00e1 de aproximadamente de 48 H.<\/p>\n<p>S\u00f3lo se realizan env\u00edos a Espa\u00f1a, excluidas Canarias, Baleares, Ceuta y Melilla.<\/p>\n<p>Los gastos de env\u00edo incluyen los gastos de manipulaci\u00f3n y empaquetado, as\u00ed como los gastos postales. Los gastos de manipulaci\u00f3n tienen un precio fijo, mientras que los gastos de transporte pueden variar seg\u00fan el peso total del paquete. Te aconsejamos que agrupes todos tus art\u00edculos en un mismo pedido.<\/p>\n<h1 class=\"page-heading\">Politica de reembolsos y devoluciones<\/h1>\n<p>Nuestra pol\u00edtica de reembolsos y devoluciones tiene una duraci\u00f3n de 15 d\u00edas. Si han pasado 15 d\u00edas desde su compra, no podemos ofrecerle un reembolso o cambio completo.<\/p>\n<p>Para ser efectiva una devoluci\u00f3n, su art\u00edculo debe estar sin usar y en las mismas condiciones en que lo recibi\u00f3. Tambi\u00e9n debe estar en el embalaje original.<\/p>\n<p>Una vez recibida e inspeccionada su devoluci\u00f3n, le enviaremos un correo electr\u00f3nico para notificarle que hemos recibido su art\u00edculo devuelto. Tambi\u00e9n le notificaremos la aprobaci\u00f3n o rechazo de su reembolso.<\/p>\n<p>Si es aprobado, se procesar\u00e1 su reembolso y se aplicar\u00e1 autom\u00e1ticamente en m\u00e9todo de pago original o si no fuese posible, acordando la forma de reembolso.<\/p>\n<p><strong><em>Retraso de Reembolso<\/em><\/strong><\/p>\n<p>Si a\u00fan no ha recibido un reembolso, primero verifique nuevamente su cuenta bancaria.<\/p>\n<p>A continuaci\u00f3n contacta con tu banco. A menudo hay alg\u00fan tiempo de procesamiento antes de que se publique un reembolso.<\/p>\n<p>Si ha hecho todo esto y a\u00fan no ha recibido su reembolso, cont\u00e1ctenos en cosmetologiaas@gmail.com.<\/p>\n<p>Para devolver su producto, debe enviarlo por correo a:<\/p>\n<p>ANESFE S.L.<\/p>\n<p>Plaza Santa Ana, 5 Bajo 47001 &#8211; VALLADOLID<\/p>\n<p>Usted ser\u00e1 responsable de pagar los gastos de env\u00edo para devolver su art\u00edculo. Los gastos de env\u00edo no son reembolsables.<\/p>\n<p><strong><em>\u00bfAlguna duda?<\/em><\/strong><\/p>\n<p>Cont\u00e1ctenos en cosmetologiaas@gmail.com para preguntas relacionadas con reembolso y devoluciones.<\/p>\n<h3 class=\"page-subheading\">VISA MASTERCARD<\/h3>\n<div style=\"color: #000000\">\u200b<i>Este\u00a0comerciante\u00a0se compromete a no permitir ninguna transacci\u00f3n que sea ilegal, o se considere <\/i><i>por\u00a0las\u00a0marcas de tarjetas de cr\u00e9dito o el banco adquiriente, que pueda o tenga el potencial de da\u00f1ar la<\/i> <i>buena voluntad de los mismos o influir de manera negativa en ellos.\u00a0Las\u00a0siguientes\u00a0<\/i><i>actividades\u00a0est\u00e1n<\/i>\u00a0<i>prohibidas en virtud de los programas de\u00a0las\u00a0marcas de tarjetas: la venta u oferta de un producto <\/i><i>\u200bo <\/i><i>servicio que no sea de plena conformidad con todas\u00a0las\u00a0leyes ap<\/i><i>\u200bl\u200b<\/i><i>icables al Comprador, Banco<\/i><i>\u200b<\/i>\u00a0<i>Emisor,\u00a0Comerciante, Titular de la tarjeta, o tarjetas.<br \/>\n<\/i><\/div>\n<p class=\"bottom-indent\">\n","protected":false},"excerpt":{"rendered":"<p>T\u00e9rminos y condiciones Env\u00edo del paquete Como norma general, los paquetes se env\u00edan los martes y mi\u00e9rcoles siguientes a la recepci\u00f3n del pago. El tiempo de reparto en pen\u00ednsula ser\u00e1 de aproximadamente de 48 H. S\u00f3lo se realizan env\u00edos a Espa\u00f1a, excluidas Canarias, Baleares, Ceuta y Melilla. Los gastos de env\u00edo incluyen los gastos de [&hellip;]<\/p>\n","protected":false},"author":1,"featured_media":0,"parent":0,"menu_order":2,"comment_status":"closed","ping_status":"closed","template":"","meta":{"footnotes":""},"class_list":["post-91","page","type-page","status-publish","hentry"],"_links":{"self":[{"href":"https:\/\/www.cosmetologiaas.es\/tienda\/wp-json\/wp\/v2\/pages\/91","targetHints":{"allow":["GET"]}}],"collection":[{"href":"https:\/\/www.cosmetologiaas.es\/tienda\/wp-json\/wp\/v2\/pages"}],"about":[{"href":"https:\/\/www.cosmetologiaas.es\/tienda\/wp-json\/wp\/v2\/types\/page"}],"author":[{"embeddable":true,"href":"https:\/\/www.cosmetologiaas.es\/tienda\/wp-json\/wp\/v2\/users\/1"}],"replies":[{"embeddable":true,"href":"https:\/\/www.cosmetologiaas.es\/tienda\/wp-json\/wp\/v2\/comments?post=91"}],"version-history":[{"count":2,"href":"https:\/\/www.cosmetologiaas.es\/tienda\/wp-json\/wp\/v2\/pages\/91\/revisions"}],"predecessor-version":[{"id":758,"href":"https:\/\/www.cosmetologiaas.es\/tienda\/wp-json\/wp\/v2\/pages\/91\/revisions\/758"}],"wp:attachment":[{"href":"https:\/\/www.cosmetologiaas.es\/tienda\/wp-json\/wp\/v2\/media?parent=91"}],"curies":[{"name":"wp","href":"https:\/\/api.w.org\/{rel}","templated":true}]}}