{"id":92,"date":"2016-06-29T09:30:29","date_gmt":"2016-06-29T09:30:29","guid":{"rendered":"https:\/\/www.cosmetologiaas.es\/as\/sobre-nosotros\/"},"modified":"2018-12-04T15:11:37","modified_gmt":"2018-12-04T15:11:37","slug":"sobre-nosotros","status":"publish","type":"page","link":"https:\/\/www.cosmetologiaas.es\/tienda\/sobre-nosotros\/","title":{"rendered":"Sobre nosotros"},"content":{"rendered":"<h4><strong>Nuestra empresa<\/strong><\/h4>\n<p>Cosmetolog\u00eda AS es una empresa especializada en la elaboraci\u00f3n de cosm\u00e9ticos de alta calidad.<\/p>\n<p>Siempre han buscando la innovaci\u00f3n y la eficacia, valorando que la calidad de los productos sea superior a la del resto.<\/p>\n<p>Su objetivo principal es la satisfacci\u00f3n del cliente. Por ello, le ofrece una extensa gama de productosde m\u00e1xima calidad, supervisados en los laboratorios.<\/p>\n<p>La especialidad de\u00a0Cosmetolog\u00eda AS\u00a0son los productos\u00a0dedicados al\u00a0cuidado y la protecci\u00f3n del cabello y de la\u00a0piel.<\/p>\n<h4><strong>Nuestro equipo<\/strong><\/h4>\n<p>La empresa se fundo en el a\u00f1o 1.993 por farmac\u00e9uticos, cosmet\u00f3logos y tric\u00f3logos con una prolongada experiencia en el sector, sus profesionales trabajan d\u00eda a d\u00eda para llegar a ser un referente en este mercado.<\/p>\n<p>Cosmetolog\u00eda AS ha ido creciendo y adapt\u00e1ndose a las nuevas tendencias, poniendo a su disposici\u00f3n continuamente las mejores calidades y las m\u00e1s novedosas gamas de productos. Para nosotros la satisfacci\u00f3n del cliente final es el objetivo fundamental.<\/p>\n<p>Seriedad, innovaci\u00f3n y calidad son los valores con los que siempre nos hemos identificado.<\/p>\n<p>&nbsp;<\/p>\n<p>&nbsp;<\/p>\n","protected":false},"excerpt":{"rendered":"<p>Nuestra empresa Cosmetolog\u00eda AS es una empresa especializada en la elaboraci\u00f3n de cosm\u00e9ticos de alta calidad. Siempre han buscando la innovaci\u00f3n y la eficacia, valorando que la calidad de los productos sea superior a la del resto. Su objetivo principal es la satisfacci\u00f3n del cliente. Por ello, le ofrece una extensa gama de productosde m\u00e1xima [&hellip;]<\/p>\n","protected":false},"author":1,"featured_media":293,"parent":0,"menu_order":3,"comment_status":"closed","ping_status":"closed","template":"","meta":{"footnotes":""},"class_list":["post-92","page","type-page","status-publish","has-post-thumbnail","hentry"],"_links":{"self":[{"href":"https:\/\/www.cosmetologiaas.es\/tienda\/wp-json\/wp\/v2\/pages\/92","targetHints":{"allow":["GET"]}}],"collection":[{"href":"https:\/\/www.cosmetologiaas.es\/tienda\/wp-json\/wp\/v2\/pages"}],"about":[{"href":"https:\/\/www.cosmetologiaas.es\/tienda\/wp-json\/wp\/v2\/types\/page"}],"author":[{"embeddable":true,"href":"https:\/\/www.cosmetologiaas.es\/tienda\/wp-json\/wp\/v2\/users\/1"}],"replies":[{"embeddable":true,"href":"https:\/\/www.cosmetologiaas.es\/tienda\/wp-json\/wp\/v2\/comments?post=92"}],"version-history":[{"count":9,"href":"https:\/\/www.cosmetologiaas.es\/tienda\/wp-json\/wp\/v2\/pages\/92\/revisions"}],"predecessor-version":[{"id":364,"href":"https:\/\/www.cosmetologiaas.es\/tienda\/wp-json\/wp\/v2\/pages\/92\/revisions\/364"}],"wp:featuredmedia":[{"embeddable":true,"href":"https:\/\/www.cosmetologiaas.es\/tienda\/wp-json\/wp\/v2\/media\/293"}],"wp:attachment":[{"href":"https:\/\/www.cosmetologiaas.es\/tienda\/wp-json\/wp\/v2\/media?parent=92"}],"curies":[{"name":"wp","href":"https:\/\/api.w.org\/{rel}","templated":true}]}}