{"id":126,"date":"2016-07-02T16:25:53","date_gmt":"2016-07-02T15:25:53","guid":{"rendered":"https:\/\/www.cosmetologiaas.es\/as\/producto\/locion-fortalecedora\/"},"modified":"2026-03-25T19:14:45","modified_gmt":"2026-03-25T18:14:45","slug":"locion-fortalecedora","status":"publish","type":"product","link":"https:\/\/www.cosmetologiaas.es\/tienda\/producto\/locion-fortalecedora\/","title":{"rendered":"LOCI\u00d3N FORTALECEDORA"},"content":{"rendered":"","protected":false},"excerpt":{"rendered":"<p>Loci\u00f3n pensada para esas personas que no tienen como tal ca\u00edda, pero que por el paso de los a\u00f1os, han visto que el cabello se va quedando mas escaso y fino.<\/p>\n<p>125 ml<\/p>\n<p>Ayuda a engordar y fortalecer el cabello, dando m\u00e1s cuerpo y volumen.<\/p>\n","protected":false},"featured_media":125,"comment_status":"open","ping_status":"closed","template":"","meta":[],"product_brand":[],"product_cat":[87],"product_tag":[],"class_list":{"0":"post-126","1":"product","2":"type-product","3":"status-publish","4":"has-post-thumbnail","6":"product_cat-lociones","8":"first","9":"instock","10":"taxable","11":"shipping-taxable","12":"purchasable","13":"product-type-simple"},"_links":{"self":[{"href":"https:\/\/www.cosmetologiaas.es\/tienda\/wp-json\/wp\/v2\/product\/126","targetHints":{"allow":["GET"]}}],"collection":[{"href":"https:\/\/www.cosmetologiaas.es\/tienda\/wp-json\/wp\/v2\/product"}],"about":[{"href":"https:\/\/www.cosmetologiaas.es\/tienda\/wp-json\/wp\/v2\/types\/product"}],"replies":[{"embeddable":true,"href":"https:\/\/www.cosmetologiaas.es\/tienda\/wp-json\/wp\/v2\/comments?post=126"}],"wp:featuredmedia":[{"embeddable":true,"href":"https:\/\/www.cosmetologiaas.es\/tienda\/wp-json\/wp\/v2\/media\/125"}],"wp:attachment":[{"href":"https:\/\/www.cosmetologiaas.es\/tienda\/wp-json\/wp\/v2\/media?parent=126"}],"wp:term":[{"taxonomy":"product_brand","embeddable":true,"href":"https:\/\/www.cosmetologiaas.es\/tienda\/wp-json\/wp\/v2\/product_brand?post=126"},{"taxonomy":"product_cat","embeddable":true,"href":"https:\/\/www.cosmetologiaas.es\/tienda\/wp-json\/wp\/v2\/product_cat?post=126"},{"taxonomy":"product_tag","embeddable":true,"href":"https:\/\/www.cosmetologiaas.es\/tienda\/wp-json\/wp\/v2\/product_tag?post=126"}],"curies":[{"name":"wp","href":"https:\/\/api.w.org\/{rel}","templated":true}]}}