{"id":128,"date":"2016-07-02T16:31:54","date_gmt":"2016-07-02T15:31:54","guid":{"rendered":"https:\/\/www.cosmetologiaas.es\/as\/producto\/locion-relajante\/"},"modified":"2021-03-10T13:36:26","modified_gmt":"2021-03-10T12:36:26","slug":"locion-relajante","status":"publish","type":"product","link":"https:\/\/www.cosmetologiaas.es\/tienda\/producto\/locion-relajante\/","title":{"rendered":"LOCI\u00d3N RELAJANTE"},"content":{"rendered":"","protected":false},"excerpt":{"rendered":"<p>Loci\u00f3n formulada para relajar las tensiones del cuero cabelludo, impidiendo una circulaci\u00f3n normal del fol\u00edculo, que a su vez produce anemia capilar debido a una mala alimentaci\u00f3n.<\/p>\n<p>125ml.<\/p>\n<p>Deja en el cuero cabelludo una sensaci\u00f3n agradable de relax y frescor.<\/p>\n<p>Por su contenido en aceites esenciales, as\u00ed como la Provitamina B5 y el Ginkgo Biloba favorecen la estimulaci\u00f3n y regeneraci\u00f3n en cueros cabelludos esclerosados.<\/p>\n","protected":false},"featured_media":127,"comment_status":"open","ping_status":"closed","template":"","meta":[],"product_brand":[],"product_cat":[87],"product_tag":[],"class_list":{"0":"post-128","1":"product","2":"type-product","3":"status-publish","4":"has-post-thumbnail","6":"product_cat-lociones","8":"first","9":"instock","10":"taxable","11":"shipping-taxable","12":"purchasable","13":"product-type-simple"},"_links":{"self":[{"href":"https:\/\/www.cosmetologiaas.es\/tienda\/wp-json\/wp\/v2\/product\/128","targetHints":{"allow":["GET"]}}],"collection":[{"href":"https:\/\/www.cosmetologiaas.es\/tienda\/wp-json\/wp\/v2\/product"}],"about":[{"href":"https:\/\/www.cosmetologiaas.es\/tienda\/wp-json\/wp\/v2\/types\/product"}],"replies":[{"embeddable":true,"href":"https:\/\/www.cosmetologiaas.es\/tienda\/wp-json\/wp\/v2\/comments?post=128"}],"wp:featuredmedia":[{"embeddable":true,"href":"https:\/\/www.cosmetologiaas.es\/tienda\/wp-json\/wp\/v2\/media\/127"}],"wp:attachment":[{"href":"https:\/\/www.cosmetologiaas.es\/tienda\/wp-json\/wp\/v2\/media?parent=128"}],"wp:term":[{"taxonomy":"product_brand","embeddable":true,"href":"https:\/\/www.cosmetologiaas.es\/tienda\/wp-json\/wp\/v2\/product_brand?post=128"},{"taxonomy":"product_cat","embeddable":true,"href":"https:\/\/www.cosmetologiaas.es\/tienda\/wp-json\/wp\/v2\/product_cat?post=128"},{"taxonomy":"product_tag","embeddable":true,"href":"https:\/\/www.cosmetologiaas.es\/tienda\/wp-json\/wp\/v2\/product_tag?post=128"}],"curies":[{"name":"wp","href":"https:\/\/api.w.org\/{rel}","templated":true}]}}