{"id":134,"date":"2016-07-02T22:45:31","date_gmt":"2016-07-02T21:45:31","guid":{"rendered":"https:\/\/www.cosmetologiaas.es\/as\/producto\/coloide-estructural\/"},"modified":"2025-09-29T16:58:00","modified_gmt":"2025-09-29T15:58:00","slug":"coloide-estructural","status":"publish","type":"product","link":"https:\/\/www.cosmetologiaas.es\/tienda\/producto\/coloide-estructural\/","title":{"rendered":"COLOIDE ESTRUCTURAL 250ml"},"content":{"rendered":"","protected":false},"excerpt":{"rendered":"<p>Fluido estructural que Hidrata, da Brillo, Volumen y Fija gradualmente el cabello<br \/>\n250 ml<\/p>\n<p>Producto t\u00e9cnico centrado tanto en la reparacion de las deficiencias estructurales como en la hidrataci\u00f3n y protecci\u00f3n del cabello, pues de todos es conocido que un cabello sano e hidratado<\/p>\n","protected":false},"featured_media":133,"comment_status":"open","ping_status":"closed","template":"","meta":[],"product_brand":[],"product_cat":[88],"product_tag":[],"class_list":{"0":"post-134","1":"product","2":"type-product","3":"status-publish","4":"has-post-thumbnail","6":"product_cat-terminacion","8":"first","9":"instock","10":"taxable","11":"shipping-taxable","12":"purchasable","13":"product-type-simple"},"_links":{"self":[{"href":"https:\/\/www.cosmetologiaas.es\/tienda\/wp-json\/wp\/v2\/product\/134","targetHints":{"allow":["GET"]}}],"collection":[{"href":"https:\/\/www.cosmetologiaas.es\/tienda\/wp-json\/wp\/v2\/product"}],"about":[{"href":"https:\/\/www.cosmetologiaas.es\/tienda\/wp-json\/wp\/v2\/types\/product"}],"replies":[{"embeddable":true,"href":"https:\/\/www.cosmetologiaas.es\/tienda\/wp-json\/wp\/v2\/comments?post=134"}],"wp:featuredmedia":[{"embeddable":true,"href":"https:\/\/www.cosmetologiaas.es\/tienda\/wp-json\/wp\/v2\/media\/133"}],"wp:attachment":[{"href":"https:\/\/www.cosmetologiaas.es\/tienda\/wp-json\/wp\/v2\/media?parent=134"}],"wp:term":[{"taxonomy":"product_brand","embeddable":true,"href":"https:\/\/www.cosmetologiaas.es\/tienda\/wp-json\/wp\/v2\/product_brand?post=134"},{"taxonomy":"product_cat","embeddable":true,"href":"https:\/\/www.cosmetologiaas.es\/tienda\/wp-json\/wp\/v2\/product_cat?post=134"},{"taxonomy":"product_tag","embeddable":true,"href":"https:\/\/www.cosmetologiaas.es\/tienda\/wp-json\/wp\/v2\/product_tag?post=134"}],"curies":[{"name":"wp","href":"https:\/\/api.w.org\/{rel}","templated":true}]}}