{"id":152,"date":"2016-07-05T08:21:17","date_gmt":"2016-07-05T07:21:17","guid":{"rendered":"https:\/\/www.cosmetologiaas.es\/as\/producto\/4-funciones-verano\/"},"modified":"2026-04-13T10:17:39","modified_gmt":"2026-04-13T09:17:39","slug":"4-funciones-verano","status":"publish","type":"product","link":"https:\/\/www.cosmetologiaas.es\/tienda\/producto\/4-funciones-verano\/","title":{"rendered":"4 FUNCIONES VERANO 250ml"},"content":{"rendered":"<p>Producto 4 en 1. Hidrata, repara, protege del sol y ayuda a modelar el cabello.<\/p>\n<p>Otorga una\u00a0<b><span style=\"color: #993300\">eficaz protecci\u00f3n<\/span><\/b>\u00a0frente a los\u00a0<span style=\"color: #993300\"><b>agentes agresivos externos<\/b><\/span>, tales como la sal marina, cloro, sol, lavados muy frecuentes y, a la vez, compensa la evaporaci\u00f3n del agua querat\u00ednica: fuga t\u00e9rmica. El acondicionado es\u00a0<b><span style=\"color: #003366\">inmediato<\/span><\/b>. Una d\u00factil y graduable fijaci\u00f3n, muy el\u00e1stica, graba y mantiene la tendencia natural del corte y le otorga un acabado brillante, \u00f3ptimo para el desarrollo de estilos personalizados. No contiene alcohol.\u00a0<span style=\"color: #993300\">Sin efecto Build Up<\/span>. sin perfumes. Ionizado cati\u00f3nico.<\/p>\n","protected":false},"excerpt":{"rendered":"<p>Producto 4 en 1. Hidrata, repara, protege del sol y ayuda a modelar el cabello.<\/p>\n","protected":false},"featured_media":664,"comment_status":"open","ping_status":"closed","template":"","meta":[],"product_brand":[],"product_cat":[88],"product_tag":[],"class_list":{"0":"post-152","1":"product","2":"type-product","3":"status-publish","4":"has-post-thumbnail","6":"product_cat-terminacion","8":"first","9":"instock","10":"taxable","11":"shipping-taxable","12":"purchasable","13":"product-type-simple"},"_links":{"self":[{"href":"https:\/\/www.cosmetologiaas.es\/tienda\/wp-json\/wp\/v2\/product\/152","targetHints":{"allow":["GET"]}}],"collection":[{"href":"https:\/\/www.cosmetologiaas.es\/tienda\/wp-json\/wp\/v2\/product"}],"about":[{"href":"https:\/\/www.cosmetologiaas.es\/tienda\/wp-json\/wp\/v2\/types\/product"}],"replies":[{"embeddable":true,"href":"https:\/\/www.cosmetologiaas.es\/tienda\/wp-json\/wp\/v2\/comments?post=152"}],"wp:featuredmedia":[{"embeddable":true,"href":"https:\/\/www.cosmetologiaas.es\/tienda\/wp-json\/wp\/v2\/media\/664"}],"wp:attachment":[{"href":"https:\/\/www.cosmetologiaas.es\/tienda\/wp-json\/wp\/v2\/media?parent=152"}],"wp:term":[{"taxonomy":"product_brand","embeddable":true,"href":"https:\/\/www.cosmetologiaas.es\/tienda\/wp-json\/wp\/v2\/product_brand?post=152"},{"taxonomy":"product_cat","embeddable":true,"href":"https:\/\/www.cosmetologiaas.es\/tienda\/wp-json\/wp\/v2\/product_cat?post=152"},{"taxonomy":"product_tag","embeddable":true,"href":"https:\/\/www.cosmetologiaas.es\/tienda\/wp-json\/wp\/v2\/product_tag?post=152"}],"curies":[{"name":"wp","href":"https:\/\/api.w.org\/{rel}","templated":true}]}}